{"id":980,"date":"2025-01-30T16:40:56","date_gmt":"2025-01-30T16:40:56","guid":{"rendered":"https:\/\/openbooksperu.com\/Home\/?page_id=980"},"modified":"2025-01-30T16:47:21","modified_gmt":"2025-01-30T16:47:21","slug":"cerebro-infantil","status":"publish","type":"page","link":"https:\/\/openbooksperu.com\/Home\/cerebro-infantil\/","title":{"rendered":"Cerebro infantil"},"content":{"rendered":"\t\t<div data-elementor-type=\"wp-page\" data-elementor-id=\"980\" class=\"elementor elementor-980\">\n\t\t\t\t\t\t<section class=\"elementor-section elementor-top-section elementor-element elementor-element-67e90d0 elementor-section-boxed elementor-section-height-default elementor-section-height-default\" data-id=\"67e90d0\" data-element_type=\"section\">\n\t\t\t\t\t\t<div class=\"elementor-container elementor-column-gap-default\">\n\t\t\t\t\t<div class=\"elementor-column elementor-col-100 elementor-top-column elementor-element elementor-element-7df410e\" data-id=\"7df410e\" data-element_type=\"column\">\n\t\t\t<div class=\"elementor-widget-wrap elementor-element-populated\">\n\t\t\t\t\t\t<div class=\"elementor-element elementor-element-5cb82a8 elementor-widget elementor-widget-heading\" data-id=\"5cb82a8\" data-element_type=\"widget\" data-widget_type=\"heading.default\">\n\t\t\t\t<div class=\"elementor-widget-container\">\n\t\t\t<style>\/*! elementor - v3.22.0 - 26-06-2024 *\/\n.elementor-heading-title{padding:0;margin:0;line-height:1}.elementor-widget-heading .elementor-heading-title[class*=elementor-size-]>a{color:inherit;font-size:inherit;line-height:inherit}.elementor-widget-heading .elementor-heading-title.elementor-size-small{font-size:15px}.elementor-widget-heading .elementor-heading-title.elementor-size-medium{font-size:19px}.elementor-widget-heading .elementor-heading-title.elementor-size-large{font-size:29px}.elementor-widget-heading .elementor-heading-title.elementor-size-xl{font-size:39px}.elementor-widget-heading .elementor-heading-title.elementor-size-xxl{font-size:59px}<\/style><h2 class=\"elementor-heading-title elementor-size-default\">Cerebro Infantil<\/h2>\t\t<\/div>\n\t\t\t\t<\/div>\n\t\t\t\t\t<\/div>\n\t\t<\/div>\n\t\t\t\t\t<\/div>\n\t\t<\/section>\n\t\t\t\t<section class=\"elementor-section elementor-top-section elementor-element elementor-element-be9d620 elementor-section-boxed elementor-section-height-default elementor-section-height-default\" data-id=\"be9d620\" data-element_type=\"section\">\n\t\t\t\t\t\t<div class=\"elementor-container elementor-column-gap-default\">\n\t\t\t\t\t<div class=\"elementor-column elementor-col-25 elementor-top-column elementor-element elementor-element-4a21d22\" data-id=\"4a21d22\" data-element_type=\"column\">\n\t\t\t<div class=\"elementor-widget-wrap elementor-element-populated\">\n\t\t\t\t\t\t<div class=\"elementor-element elementor-element-0d40e1f elementor-widget elementor-widget-image\" data-id=\"0d40e1f\" data-element_type=\"widget\" data-widget_type=\"image.default\">\n\t\t\t\t<div class=\"elementor-widget-container\">\n\t\t\t<style>\/*! elementor - v3.22.0 - 26-06-2024 *\/\n.elementor-widget-image{text-align:center}.elementor-widget-image a{display:inline-block}.elementor-widget-image a img[src$=\".svg\"]{width:48px}.elementor-widget-image img{vertical-align:middle;display:inline-block}<\/style>\t\t\t\t\t\t\t\t\t\t<img fetchpriority=\"high\" decoding=\"async\" width=\"391\" height=\"600\" src=\"https:\/\/openbooksperu.com\/Home\/wp-content\/uploads\/2025\/01\/TU_MARAVILLOSO_CEREBRO.jpg\" class=\"attachment-large size-large wp-image-982\" alt=\"\" srcset=\"https:\/\/openbooksperu.com\/Home\/wp-content\/uploads\/2025\/01\/TU_MARAVILLOSO_CEREBRO.jpg 391w, https:\/\/openbooksperu.com\/Home\/wp-content\/uploads\/2025\/01\/TU_MARAVILLOSO_CEREBRO-196x300.jpg 196w\" sizes=\"(max-width: 391px) 100vw, 391px\" \/>\t\t\t\t\t\t\t\t\t\t\t\t\t<\/div>\n\t\t\t\t<\/div>\n\t\t\t\t<div class=\"elementor-element elementor-element-e998cd5 elementor-widget elementor-widget-text-editor\" data-id=\"e998cd5\" data-element_type=\"widget\" data-widget_type=\"text-editor.default\">\n\t\t\t\t<div class=\"elementor-widget-container\">\n\t\t\t<style>\/*! elementor - v3.22.0 - 26-06-2024 *\/\n.elementor-widget-text-editor.elementor-drop-cap-view-stacked .elementor-drop-cap{background-color:#69727d;color:#fff}.elementor-widget-text-editor.elementor-drop-cap-view-framed .elementor-drop-cap{color:#69727d;border:3px solid;background-color:transparent}.elementor-widget-text-editor:not(.elementor-drop-cap-view-default) .elementor-drop-cap{margin-top:8px}.elementor-widget-text-editor:not(.elementor-drop-cap-view-default) .elementor-drop-cap-letter{width:1em;height:1em}.elementor-widget-text-editor .elementor-drop-cap{float:left;text-align:center;line-height:1;font-size:50px}.elementor-widget-text-editor .elementor-drop-cap-letter{display:inline-block}<\/style>\t\t\t\t<p>TU MARAVILLOSO CEREBRO<\/p>\t\t\t\t\t\t<\/div>\n\t\t\t\t<\/div>\n\t\t\t\t\t<\/div>\n\t\t<\/div>\n\t\t\t\t<div class=\"elementor-column elementor-col-25 elementor-top-column elementor-element elementor-element-16fe0fe\" data-id=\"16fe0fe\" data-element_type=\"column\">\n\t\t\t<div class=\"elementor-widget-wrap elementor-element-populated\">\n\t\t\t\t\t\t<div class=\"elementor-element elementor-element-79d6b30 elementor-widget elementor-widget-image\" data-id=\"79d6b30\" data-element_type=\"widget\" data-widget_type=\"image.default\">\n\t\t\t\t<div class=\"elementor-widget-container\">\n\t\t\t\t\t\t\t\t\t\t\t\t\t<img decoding=\"async\" width=\"391\" height=\"600\" src=\"https:\/\/openbooksperu.com\/Home\/wp-content\/uploads\/2025\/01\/EL_CEREBRO_HUMANO_X_SANTIAGO.jpg\" class=\"attachment-large size-large wp-image-983\" alt=\"\" srcset=\"https:\/\/openbooksperu.com\/Home\/wp-content\/uploads\/2025\/01\/EL_CEREBRO_HUMANO_X_SANTIAGO.jpg 391w, https:\/\/openbooksperu.com\/Home\/wp-content\/uploads\/2025\/01\/EL_CEREBRO_HUMANO_X_SANTIAGO-196x300.jpg 196w\" sizes=\"(max-width: 391px) 100vw, 391px\" \/>\t\t\t\t\t\t\t\t\t\t\t\t\t<\/div>\n\t\t\t\t<\/div>\n\t\t\t\t<div class=\"elementor-element elementor-element-02fc9ad elementor-widget elementor-widget-text-editor\" data-id=\"02fc9ad\" data-element_type=\"widget\" data-widget_type=\"text-editor.default\">\n\t\t\t\t<div class=\"elementor-widget-container\">\n\t\t\t\t\t\t\t<p>EL CEREBRO HUMANO. EXPLICADO POR EL DR. SANTIAGO RAM\u00d3N Y CAJAL<\/p>\t\t\t\t\t\t<\/div>\n\t\t\t\t<\/div>\n\t\t\t\t\t<\/div>\n\t\t<\/div>\n\t\t\t\t<div class=\"elementor-column elementor-col-25 elementor-top-column elementor-element elementor-element-45cc487\" data-id=\"45cc487\" data-element_type=\"column\">\n\t\t\t<div class=\"elementor-widget-wrap elementor-element-populated\">\n\t\t\t\t\t\t<div class=\"elementor-element elementor-element-79bafe7 elementor-widget elementor-widget-image\" data-id=\"79bafe7\" data-element_type=\"widget\" data-widget_type=\"image.default\">\n\t\t\t\t<div class=\"elementor-widget-container\">\n\t\t\t\t\t\t\t\t\t\t\t\t\t<img decoding=\"async\" width=\"391\" height=\"600\" src=\"https:\/\/openbooksperu.com\/Home\/wp-content\/uploads\/2025\/01\/GRAN_LIBRO_EL_CEREBRO_HUMANO.jpg\" class=\"attachment-large size-large wp-image-987\" alt=\"\" srcset=\"https:\/\/openbooksperu.com\/Home\/wp-content\/uploads\/2025\/01\/GRAN_LIBRO_EL_CEREBRO_HUMANO.jpg 391w, https:\/\/openbooksperu.com\/Home\/wp-content\/uploads\/2025\/01\/GRAN_LIBRO_EL_CEREBRO_HUMANO-196x300.jpg 196w\" sizes=\"(max-width: 391px) 100vw, 391px\" \/>\t\t\t\t\t\t\t\t\t\t\t\t\t<\/div>\n\t\t\t\t<\/div>\n\t\t\t\t<div class=\"elementor-element elementor-element-c372edf elementor-widget elementor-widget-text-editor\" data-id=\"c372edf\" data-element_type=\"widget\" data-widget_type=\"text-editor.default\">\n\t\t\t\t<div class=\"elementor-widget-container\">\n\t\t\t\t\t\t\t<p>EL GRAN LIBRO DEL CEREBRO, EL APASIONANTE MUNDO DEL CEREBRO EXPLICADO A LOS NI\u00d1OS<\/p>\t\t\t\t\t\t<\/div>\n\t\t\t\t<\/div>\n\t\t\t\t\t<\/div>\n\t\t<\/div>\n\t\t\t\t<div class=\"elementor-column elementor-col-25 elementor-top-column elementor-element elementor-element-b6fb2c1\" data-id=\"b6fb2c1\" data-element_type=\"column\">\n\t\t\t<div class=\"elementor-widget-wrap elementor-element-populated\">\n\t\t\t\t\t\t<div class=\"elementor-element elementor-element-5c0cfa5 elementor-widget elementor-widget-image\" data-id=\"5c0cfa5\" data-element_type=\"widget\" data-widget_type=\"image.default\">\n\t\t\t\t<div class=\"elementor-widget-container\">\n\t\t\t\t\t\t\t\t\t\t\t\t\t<img loading=\"lazy\" decoding=\"async\" width=\"391\" height=\"600\" src=\"https:\/\/openbooksperu.com\/Home\/wp-content\/uploads\/2025\/01\/BIENVENIDOS_A_CEREBROPOLIS.jpg\" class=\"attachment-large size-large wp-image-989\" alt=\"\" srcset=\"https:\/\/openbooksperu.com\/Home\/wp-content\/uploads\/2025\/01\/BIENVENIDOS_A_CEREBROPOLIS.jpg 391w, https:\/\/openbooksperu.com\/Home\/wp-content\/uploads\/2025\/01\/BIENVENIDOS_A_CEREBROPOLIS-196x300.jpg 196w\" sizes=\"(max-width: 391px) 100vw, 391px\" \/>\t\t\t\t\t\t\t\t\t\t\t\t\t<\/div>\n\t\t\t\t<\/div>\n\t\t\t\t<div class=\"elementor-element elementor-element-e206161 elementor-widget elementor-widget-text-editor\" data-id=\"e206161\" data-element_type=\"widget\" data-widget_type=\"text-editor.default\">\n\t\t\t\t<div class=\"elementor-widget-container\">\n\t\t\t\t\t\t\t<p>BIENVENIDOS A CEREBR\u00d3POLIS<\/p>\t\t\t\t\t\t<\/div>\n\t\t\t\t<\/div>\n\t\t\t\t\t<\/div>\n\t\t<\/div>\n\t\t\t\t\t<\/div>\n\t\t<\/section>\n\t\t\t\t<\/div>\n\t\t","protected":false},"excerpt":{"rendered":"<p>Cerebro Infantil TU MARAVILLOSO CEREBRO EL CEREBRO HUMANO. EXPLICADO POR EL DR. SANTIAGO RAM\u00d3N Y CAJAL EL GRAN LIBRO DEL CEREBRO, EL APASIONANTE MUNDO DEL CEREBRO EXPLICADO A LOS NI\u00d1OS BIENVENIDOS A CEREBR\u00d3POLIS<\/p>\n","protected":false},"author":1,"featured_media":0,"parent":0,"menu_order":0,"comment_status":"closed","ping_status":"closed","template":"","meta":{"site-sidebar-layout":"no-sidebar","site-content-layout":"page-builder","ast-site-content-layout":"full-width-container","site-content-style":"default","site-sidebar-style":"default","ast-global-header-display":"","ast-banner-title-visibility":"","ast-main-header-display":"","ast-hfb-above-header-display":"","ast-hfb-below-header-display":"","ast-hfb-mobile-header-display":"","site-post-title":"disabled","ast-breadcrumbs-content":"","ast-featured-img":"disabled","footer-sml-layout":"","ast-disable-related-posts":"","theme-transparent-header-meta":"","adv-header-id-meta":"","stick-header-meta":"","header-above-stick-meta":"","header-main-stick-meta":"","header-below-stick-meta":"","astra-migrate-meta-layouts":"set","ast-page-background-enabled":"default","ast-page-background-meta":{"desktop":{"background-color":"var(--ast-global-color-4)","background-image":"","background-repeat":"repeat","background-position":"center center","background-size":"auto","background-attachment":"scroll","background-type":"","background-media":"","overlay-type":"","overlay-color":"","overlay-opacity":"","overlay-gradient":""},"tablet":{"background-color":"","background-image":"","background-repeat":"repeat","background-position":"center center","background-size":"auto","background-attachment":"scroll","background-type":"","background-media":"","overlay-type":"","overlay-color":"","overlay-opacity":"","overlay-gradient":""},"mobile":{"background-color":"","background-image":"","background-repeat":"repeat","background-position":"center center","background-size":"auto","background-attachment":"scroll","background-type":"","background-media":"","overlay-type":"","overlay-color":"","overlay-opacity":"","overlay-gradient":""}},"ast-content-background-meta":{"desktop":{"background-color":"var(--ast-global-color-5)","background-image":"","background-repeat":"repeat","background-position":"center center","background-size":"auto","background-attachment":"scroll","background-type":"","background-media":"","overlay-type":"","overlay-color":"","overlay-opacity":"","overlay-gradient":""},"tablet":{"background-color":"var(--ast-global-color-5)","background-image":"","background-repeat":"repeat","background-position":"center center","background-size":"auto","background-attachment":"scroll","background-type":"","background-media":"","overlay-type":"","overlay-color":"","overlay-opacity":"","overlay-gradient":""},"mobile":{"background-color":"var(--ast-global-color-5)","background-image":"","background-repeat":"repeat","background-position":"center center","background-size":"auto","background-attachment":"scroll","background-type":"","background-media":"","overlay-type":"","overlay-color":"","overlay-opacity":"","overlay-gradient":""}},"footnotes":""},"_links":{"self":[{"href":"https:\/\/openbooksperu.com\/Home\/wp-json\/wp\/v2\/pages\/980"}],"collection":[{"href":"https:\/\/openbooksperu.com\/Home\/wp-json\/wp\/v2\/pages"}],"about":[{"href":"https:\/\/openbooksperu.com\/Home\/wp-json\/wp\/v2\/types\/page"}],"author":[{"embeddable":true,"href":"https:\/\/openbooksperu.com\/Home\/wp-json\/wp\/v2\/users\/1"}],"replies":[{"embeddable":true,"href":"https:\/\/openbooksperu.com\/Home\/wp-json\/wp\/v2\/comments?post=980"}],"version-history":[{"count":7,"href":"https:\/\/openbooksperu.com\/Home\/wp-json\/wp\/v2\/pages\/980\/revisions"}],"predecessor-version":[{"id":992,"href":"https:\/\/openbooksperu.com\/Home\/wp-json\/wp\/v2\/pages\/980\/revisions\/992"}],"wp:attachment":[{"href":"https:\/\/openbooksperu.com\/Home\/wp-json\/wp\/v2\/media?parent=980"}],"curies":[{"name":"wp","href":"https:\/\/api.w.org\/{rel}","templated":true}]}}