{"id":815,"date":"2023-12-06T17:17:26","date_gmt":"2023-12-06T17:17:26","guid":{"rendered":"https:\/\/openbooksperu.com\/Home\/?page_id=815"},"modified":"2023-12-06T17:22:14","modified_gmt":"2023-12-06T17:22:14","slug":"logopedia","status":"publish","type":"page","link":"https:\/\/openbooksperu.com\/Home\/logopedia\/","title":{"rendered":"Logopedia"},"content":{"rendered":"\t\t<div data-elementor-type=\"wp-page\" data-elementor-id=\"815\" class=\"elementor elementor-815\">\n\t\t\t\t\t\t<section class=\"elementor-section elementor-top-section elementor-element elementor-element-b93cf5e elementor-section-boxed elementor-section-height-default elementor-section-height-default\" data-id=\"b93cf5e\" data-element_type=\"section\">\n\t\t\t\t\t\t<div class=\"elementor-container elementor-column-gap-default\">\n\t\t\t\t\t<div class=\"elementor-column elementor-col-100 elementor-top-column elementor-element elementor-element-aa5b8f9\" data-id=\"aa5b8f9\" data-element_type=\"column\">\n\t\t\t<div class=\"elementor-widget-wrap elementor-element-populated\">\n\t\t\t\t\t\t<div class=\"elementor-element elementor-element-575a868 elementor-widget elementor-widget-heading\" data-id=\"575a868\" data-element_type=\"widget\" data-widget_type=\"heading.default\">\n\t\t\t\t<div class=\"elementor-widget-container\">\n\t\t\t<style>\/*! elementor - v3.22.0 - 26-06-2024 *\/\n.elementor-heading-title{padding:0;margin:0;line-height:1}.elementor-widget-heading .elementor-heading-title[class*=elementor-size-]>a{color:inherit;font-size:inherit;line-height:inherit}.elementor-widget-heading .elementor-heading-title.elementor-size-small{font-size:15px}.elementor-widget-heading .elementor-heading-title.elementor-size-medium{font-size:19px}.elementor-widget-heading .elementor-heading-title.elementor-size-large{font-size:29px}.elementor-widget-heading .elementor-heading-title.elementor-size-xl{font-size:39px}.elementor-widget-heading .elementor-heading-title.elementor-size-xxl{font-size:59px}<\/style><h2 class=\"elementor-heading-title elementor-size-default\">Logopedia<\/h2>\t\t<\/div>\n\t\t\t\t<\/div>\n\t\t\t\t\t<\/div>\n\t\t<\/div>\n\t\t\t\t\t<\/div>\n\t\t<\/section>\n\t\t\t\t<section class=\"elementor-section elementor-top-section elementor-element elementor-element-3c39be5 elementor-section-boxed elementor-section-height-default elementor-section-height-default\" data-id=\"3c39be5\" data-element_type=\"section\">\n\t\t\t\t\t\t<div class=\"elementor-container elementor-column-gap-default\">\n\t\t\t\t\t<div class=\"elementor-column elementor-col-25 elementor-top-column elementor-element elementor-element-26ed98b\" data-id=\"26ed98b\" data-element_type=\"column\">\n\t\t\t<div class=\"elementor-widget-wrap elementor-element-populated\">\n\t\t\t\t\t\t<div class=\"elementor-element elementor-element-8426133 elementor-widget elementor-widget-image\" data-id=\"8426133\" data-element_type=\"widget\" data-widget_type=\"image.default\">\n\t\t\t\t<div class=\"elementor-widget-container\">\n\t\t\t<style>\/*! elementor - v3.22.0 - 26-06-2024 *\/\n.elementor-widget-image{text-align:center}.elementor-widget-image a{display:inline-block}.elementor-widget-image a img[src$=\".svg\"]{width:48px}.elementor-widget-image img{vertical-align:middle;display:inline-block}<\/style>\t\t\t\t\t\t\t\t\t\t<img fetchpriority=\"high\" decoding=\"async\" width=\"391\" height=\"600\" src=\"https:\/\/openbooksperu.com\/Home\/wp-content\/uploads\/2023\/12\/LOS-NINOS-DISFASICOS-DESCRIPCION-Y-TRATAMIENTO.jpg\" class=\"attachment-large size-large wp-image-817\" alt=\"\" srcset=\"https:\/\/openbooksperu.com\/Home\/wp-content\/uploads\/2023\/12\/LOS-NINOS-DISFASICOS-DESCRIPCION-Y-TRATAMIENTO.jpg 391w, https:\/\/openbooksperu.com\/Home\/wp-content\/uploads\/2023\/12\/LOS-NINOS-DISFASICOS-DESCRIPCION-Y-TRATAMIENTO-196x300.jpg 196w\" sizes=\"(max-width: 391px) 100vw, 391px\" \/>\t\t\t\t\t\t\t\t\t\t\t\t\t<\/div>\n\t\t\t\t<\/div>\n\t\t\t\t<div class=\"elementor-element elementor-element-f99620b elementor-widget elementor-widget-text-editor\" data-id=\"f99620b\" data-element_type=\"widget\" data-widget_type=\"text-editor.default\">\n\t\t\t\t<div class=\"elementor-widget-container\">\n\t\t\t<style>\/*! elementor - v3.22.0 - 26-06-2024 *\/\n.elementor-widget-text-editor.elementor-drop-cap-view-stacked .elementor-drop-cap{background-color:#69727d;color:#fff}.elementor-widget-text-editor.elementor-drop-cap-view-framed .elementor-drop-cap{color:#69727d;border:3px solid;background-color:transparent}.elementor-widget-text-editor:not(.elementor-drop-cap-view-default) .elementor-drop-cap{margin-top:8px}.elementor-widget-text-editor:not(.elementor-drop-cap-view-default) .elementor-drop-cap-letter{width:1em;height:1em}.elementor-widget-text-editor .elementor-drop-cap{float:left;text-align:center;line-height:1;font-size:50px}.elementor-widget-text-editor .elementor-drop-cap-letter{display:inline-block}<\/style>\t\t\t\t<p>LOS NI\u00d1OS DISF\u00c1SICOS, DESCRIPCI\u00d3N Y TRATAMIENTO<\/p>\t\t\t\t\t\t<\/div>\n\t\t\t\t<\/div>\n\t\t\t\t\t<\/div>\n\t\t<\/div>\n\t\t\t\t<div class=\"elementor-column elementor-col-25 elementor-top-column elementor-element elementor-element-003210f\" data-id=\"003210f\" data-element_type=\"column\">\n\t\t\t<div class=\"elementor-widget-wrap elementor-element-populated\">\n\t\t\t\t\t\t<div class=\"elementor-element elementor-element-b9108e8 elementor-widget elementor-widget-image\" data-id=\"b9108e8\" data-element_type=\"widget\" data-widget_type=\"image.default\">\n\t\t\t\t<div class=\"elementor-widget-container\">\n\t\t\t\t\t\t\t\t\t\t\t\t\t<img decoding=\"async\" width=\"391\" height=\"600\" src=\"https:\/\/openbooksperu.com\/Home\/wp-content\/uploads\/2023\/12\/EDUCACION-Y-REEDUCACION-DE-LA-VOZ-INFANTIL.jpg\" class=\"attachment-large size-large wp-image-818\" alt=\"\" srcset=\"https:\/\/openbooksperu.com\/Home\/wp-content\/uploads\/2023\/12\/EDUCACION-Y-REEDUCACION-DE-LA-VOZ-INFANTIL.jpg 391w, https:\/\/openbooksperu.com\/Home\/wp-content\/uploads\/2023\/12\/EDUCACION-Y-REEDUCACION-DE-LA-VOZ-INFANTIL-196x300.jpg 196w\" sizes=\"(max-width: 391px) 100vw, 391px\" \/>\t\t\t\t\t\t\t\t\t\t\t\t\t<\/div>\n\t\t\t\t<\/div>\n\t\t\t\t<div class=\"elementor-element elementor-element-5eedfdc elementor-widget elementor-widget-text-editor\" data-id=\"5eedfdc\" data-element_type=\"widget\" data-widget_type=\"text-editor.default\">\n\t\t\t\t<div class=\"elementor-widget-container\">\n\t\t\t\t\t\t\t<p>EDUCACI\u00d3N Y REEDUCACI\u00d3N DE LA VOZ INFANTIL<\/p>\t\t\t\t\t\t<\/div>\n\t\t\t\t<\/div>\n\t\t\t\t\t<\/div>\n\t\t<\/div>\n\t\t\t\t<div class=\"elementor-column elementor-col-25 elementor-top-column elementor-element elementor-element-1b6d6bf\" data-id=\"1b6d6bf\" data-element_type=\"column\">\n\t\t\t<div class=\"elementor-widget-wrap elementor-element-populated\">\n\t\t\t\t\t\t<div class=\"elementor-element elementor-element-afe171d elementor-widget elementor-widget-image\" data-id=\"afe171d\" data-element_type=\"widget\" data-widget_type=\"image.default\">\n\t\t\t\t<div class=\"elementor-widget-container\">\n\t\t\t\t\t\t\t\t\t\t\t\t\t<img decoding=\"async\" width=\"391\" height=\"600\" src=\"https:\/\/openbooksperu.com\/Home\/wp-content\/uploads\/2023\/12\/TRATAMIENTO-DE-PROBLEMAS-DE-LA-VOZ.jpg\" class=\"attachment-large size-large wp-image-819\" alt=\"\" srcset=\"https:\/\/openbooksperu.com\/Home\/wp-content\/uploads\/2023\/12\/TRATAMIENTO-DE-PROBLEMAS-DE-LA-VOZ.jpg 391w, https:\/\/openbooksperu.com\/Home\/wp-content\/uploads\/2023\/12\/TRATAMIENTO-DE-PROBLEMAS-DE-LA-VOZ-196x300.jpg 196w\" sizes=\"(max-width: 391px) 100vw, 391px\" \/>\t\t\t\t\t\t\t\t\t\t\t\t\t<\/div>\n\t\t\t\t<\/div>\n\t\t\t\t<div class=\"elementor-element elementor-element-b3b1d00 elementor-widget elementor-widget-text-editor\" data-id=\"b3b1d00\" data-element_type=\"widget\" data-widget_type=\"text-editor.default\">\n\t\t\t\t<div class=\"elementor-widget-container\">\n\t\t\t\t\t\t\t<p>TRATAMIENTO DE PROBLEMAS DE LA VOZ<\/p>\t\t\t\t\t\t<\/div>\n\t\t\t\t<\/div>\n\t\t\t\t\t<\/div>\n\t\t<\/div>\n\t\t\t\t<div class=\"elementor-column elementor-col-25 elementor-top-column elementor-element elementor-element-868eb73\" data-id=\"868eb73\" data-element_type=\"column\">\n\t\t\t<div class=\"elementor-widget-wrap elementor-element-populated\">\n\t\t\t\t\t\t<div class=\"elementor-element elementor-element-6d39c2b elementor-widget elementor-widget-image\" data-id=\"6d39c2b\" data-element_type=\"widget\" data-widget_type=\"image.default\">\n\t\t\t\t<div class=\"elementor-widget-container\">\n\t\t\t\t\t\t\t\t\t\t\t\t\t<img loading=\"lazy\" decoding=\"async\" width=\"391\" height=\"600\" src=\"https:\/\/openbooksperu.com\/Home\/wp-content\/uploads\/2023\/12\/MANUAL-DE-LOGOPEDIA-ESCOLAR.jpg\" class=\"attachment-large size-large wp-image-820\" alt=\"\" srcset=\"https:\/\/openbooksperu.com\/Home\/wp-content\/uploads\/2023\/12\/MANUAL-DE-LOGOPEDIA-ESCOLAR.jpg 391w, https:\/\/openbooksperu.com\/Home\/wp-content\/uploads\/2023\/12\/MANUAL-DE-LOGOPEDIA-ESCOLAR-196x300.jpg 196w\" sizes=\"(max-width: 391px) 100vw, 391px\" \/>\t\t\t\t\t\t\t\t\t\t\t\t\t<\/div>\n\t\t\t\t<\/div>\n\t\t\t\t<div class=\"elementor-element elementor-element-a2dfce9 elementor-widget elementor-widget-text-editor\" data-id=\"a2dfce9\" data-element_type=\"widget\" data-widget_type=\"text-editor.default\">\n\t\t\t\t<div class=\"elementor-widget-container\">\n\t\t\t\t\t\t\t<p>MANUAL DE LOGOPEDIA ESCOLAR. NI\u00d1OS CON ALTERACIONES DEL LENGUAJE ORAL EN EDUCACI\u00d3N INFANTIL Y PRIMARIA<\/p>\t\t\t\t\t\t<\/div>\n\t\t\t\t<\/div>\n\t\t\t\t\t<\/div>\n\t\t<\/div>\n\t\t\t\t\t<\/div>\n\t\t<\/section>\n\t\t\t\t<section class=\"elementor-section elementor-top-section elementor-element elementor-element-19f0997 elementor-section-boxed elementor-section-height-default elementor-section-height-default\" data-id=\"19f0997\" data-element_type=\"section\">\n\t\t\t\t\t\t<div class=\"elementor-container elementor-column-gap-default\">\n\t\t\t\t\t<div class=\"elementor-column elementor-col-25 elementor-top-column elementor-element elementor-element-9d12e30\" data-id=\"9d12e30\" data-element_type=\"column\">\n\t\t\t<div class=\"elementor-widget-wrap elementor-element-populated\">\n\t\t\t\t\t\t<div class=\"elementor-element elementor-element-9d259e3 elementor-widget elementor-widget-image\" data-id=\"9d259e3\" data-element_type=\"widget\" data-widget_type=\"image.default\">\n\t\t\t\t<div class=\"elementor-widget-container\">\n\t\t\t\t\t\t\t\t\t\t\t\t\t<img loading=\"lazy\" decoding=\"async\" width=\"391\" height=\"600\" src=\"https:\/\/openbooksperu.com\/Home\/wp-content\/uploads\/2023\/12\/EL-DESARROLLO-DEL-LENGUAJE-DE-0-A-3-ANOS.jpg\" class=\"attachment-large size-large wp-image-821\" alt=\"\" srcset=\"https:\/\/openbooksperu.com\/Home\/wp-content\/uploads\/2023\/12\/EL-DESARROLLO-DEL-LENGUAJE-DE-0-A-3-ANOS.jpg 391w, https:\/\/openbooksperu.com\/Home\/wp-content\/uploads\/2023\/12\/EL-DESARROLLO-DEL-LENGUAJE-DE-0-A-3-ANOS-196x300.jpg 196w\" sizes=\"(max-width: 391px) 100vw, 391px\" \/>\t\t\t\t\t\t\t\t\t\t\t\t\t<\/div>\n\t\t\t\t<\/div>\n\t\t\t\t<div class=\"elementor-element elementor-element-35cfc26 elementor-widget elementor-widget-text-editor\" data-id=\"35cfc26\" data-element_type=\"widget\" data-widget_type=\"text-editor.default\">\n\t\t\t\t<div class=\"elementor-widget-container\">\n\t\t\t\t\t\t\t<p>EL DESARROLLO DEL LENGUAJE DE 0 A 3 A\u00d1OS. BASES PARA UN DISE\u00d1O CURRICULAR EN LA EDUCACI\u00d3N INFANTIL<\/p>\t\t\t\t\t\t<\/div>\n\t\t\t\t<\/div>\n\t\t\t\t\t<\/div>\n\t\t<\/div>\n\t\t\t\t<div class=\"elementor-column elementor-col-25 elementor-top-column elementor-element elementor-element-246ee11\" data-id=\"246ee11\" data-element_type=\"column\">\n\t\t\t<div class=\"elementor-widget-wrap elementor-element-populated\">\n\t\t\t\t\t\t<div class=\"elementor-element elementor-element-91f10b0 elementor-widget elementor-widget-image\" data-id=\"91f10b0\" data-element_type=\"widget\" data-widget_type=\"image.default\">\n\t\t\t\t<div class=\"elementor-widget-container\">\n\t\t\t\t\t\t\t\t\t\t\t\t\t<img loading=\"lazy\" decoding=\"async\" width=\"391\" height=\"600\" src=\"https:\/\/openbooksperu.com\/Home\/wp-content\/uploads\/2023\/12\/LA-ESTIMULACION-DEL-LENGUAJE-ORAL.-GUIA-PRACTICA.jpg\" class=\"attachment-large size-large wp-image-822\" alt=\"\" srcset=\"https:\/\/openbooksperu.com\/Home\/wp-content\/uploads\/2023\/12\/LA-ESTIMULACION-DEL-LENGUAJE-ORAL.-GUIA-PRACTICA.jpg 391w, https:\/\/openbooksperu.com\/Home\/wp-content\/uploads\/2023\/12\/LA-ESTIMULACION-DEL-LENGUAJE-ORAL.-GUIA-PRACTICA-196x300.jpg 196w\" sizes=\"(max-width: 391px) 100vw, 391px\" \/>\t\t\t\t\t\t\t\t\t\t\t\t\t<\/div>\n\t\t\t\t<\/div>\n\t\t\t\t<div class=\"elementor-element elementor-element-f44d248 elementor-widget elementor-widget-text-editor\" data-id=\"f44d248\" data-element_type=\"widget\" data-widget_type=\"text-editor.default\">\n\t\t\t\t<div class=\"elementor-widget-container\">\n\t\t\t\t\t\t\t<p>LA ESTIMULACI\u00d3N DEL LENGUAJE ORAL. GU\u00cdA PR\u00c1CTICA<\/p>\t\t\t\t\t\t<\/div>\n\t\t\t\t<\/div>\n\t\t\t\t\t<\/div>\n\t\t<\/div>\n\t\t\t\t<div class=\"elementor-column elementor-col-25 elementor-top-column elementor-element elementor-element-f3a7152\" data-id=\"f3a7152\" data-element_type=\"column\">\n\t\t\t<div class=\"elementor-widget-wrap elementor-element-populated\">\n\t\t\t\t\t\t<div class=\"elementor-element elementor-element-b4a2556 elementor-widget elementor-widget-image\" data-id=\"b4a2556\" data-element_type=\"widget\" data-widget_type=\"image.default\">\n\t\t\t\t<div class=\"elementor-widget-container\">\n\t\t\t\t\t\t\t\t\t\t\t\t\t<img loading=\"lazy\" decoding=\"async\" width=\"391\" height=\"600\" src=\"https:\/\/openbooksperu.com\/Home\/wp-content\/uploads\/2023\/12\/LOGOPEDIA-ESCOLAR-Y-CLINICA.jpg\" class=\"attachment-large size-large wp-image-823\" alt=\"\" srcset=\"https:\/\/openbooksperu.com\/Home\/wp-content\/uploads\/2023\/12\/LOGOPEDIA-ESCOLAR-Y-CLINICA.jpg 391w, https:\/\/openbooksperu.com\/Home\/wp-content\/uploads\/2023\/12\/LOGOPEDIA-ESCOLAR-Y-CLINICA-196x300.jpg 196w\" sizes=\"(max-width: 391px) 100vw, 391px\" \/>\t\t\t\t\t\t\t\t\t\t\t\t\t<\/div>\n\t\t\t\t<\/div>\n\t\t\t\t<div class=\"elementor-element elementor-element-e26a7f4 elementor-widget elementor-widget-text-editor\" data-id=\"e26a7f4\" data-element_type=\"widget\" data-widget_type=\"text-editor.default\">\n\t\t\t\t<div class=\"elementor-widget-container\">\n\t\t\t\t\t\t\t<p>LOGOPEDIA ESCOLAR Y CL\u00cdNICA<\/p>\t\t\t\t\t\t<\/div>\n\t\t\t\t<\/div>\n\t\t\t\t\t<\/div>\n\t\t<\/div>\n\t\t\t\t<div class=\"elementor-column elementor-col-25 elementor-top-column elementor-element elementor-element-d71ce90\" data-id=\"d71ce90\" data-element_type=\"column\">\n\t\t\t<div class=\"elementor-widget-wrap elementor-element-populated\">\n\t\t\t\t\t\t<div class=\"elementor-element elementor-element-562f14c elementor-widget elementor-widget-image\" data-id=\"562f14c\" data-element_type=\"widget\" data-widget_type=\"image.default\">\n\t\t\t\t<div class=\"elementor-widget-container\">\n\t\t\t\t\t\t\t\t\t\t\t\t\t<img loading=\"lazy\" decoding=\"async\" width=\"391\" height=\"600\" src=\"https:\/\/openbooksperu.com\/Home\/wp-content\/uploads\/2023\/12\/MANUAL-DE-LOGOPEDIA-Y-FONIATRIA.jpg\" class=\"attachment-large size-large wp-image-824\" alt=\"\" srcset=\"https:\/\/openbooksperu.com\/Home\/wp-content\/uploads\/2023\/12\/MANUAL-DE-LOGOPEDIA-Y-FONIATRIA.jpg 391w, https:\/\/openbooksperu.com\/Home\/wp-content\/uploads\/2023\/12\/MANUAL-DE-LOGOPEDIA-Y-FONIATRIA-196x300.jpg 196w\" sizes=\"(max-width: 391px) 100vw, 391px\" \/>\t\t\t\t\t\t\t\t\t\t\t\t\t<\/div>\n\t\t\t\t<\/div>\n\t\t\t\t<div class=\"elementor-element elementor-element-79133df elementor-widget elementor-widget-text-editor\" data-id=\"79133df\" data-element_type=\"widget\" data-widget_type=\"text-editor.default\">\n\t\t\t\t<div class=\"elementor-widget-container\">\n\t\t\t\t\t\t\t<p>MANUAL DE LOGOPEDIA Y FONIATR\u00cdA<\/p>\t\t\t\t\t\t<\/div>\n\t\t\t\t<\/div>\n\t\t\t\t\t<\/div>\n\t\t<\/div>\n\t\t\t\t\t<\/div>\n\t\t<\/section>\n\t\t\t\t<section class=\"elementor-section elementor-top-section elementor-element elementor-element-b00b50e elementor-section-boxed elementor-section-height-default elementor-section-height-default\" data-id=\"b00b50e\" data-element_type=\"section\">\n\t\t\t\t\t\t<div class=\"elementor-container elementor-column-gap-default\">\n\t\t\t\t\t<div class=\"elementor-column elementor-col-25 elementor-top-column elementor-element elementor-element-bd5788f\" data-id=\"bd5788f\" data-element_type=\"column\">\n\t\t\t<div class=\"elementor-widget-wrap elementor-element-populated\">\n\t\t\t\t\t\t<div class=\"elementor-element elementor-element-f6887ff elementor-widget elementor-widget-image\" data-id=\"f6887ff\" data-element_type=\"widget\" data-widget_type=\"image.default\">\n\t\t\t\t<div class=\"elementor-widget-container\">\n\t\t\t\t\t\t\t\t\t\t\t\t\t<img loading=\"lazy\" decoding=\"async\" width=\"391\" height=\"600\" src=\"https:\/\/openbooksperu.com\/Home\/wp-content\/uploads\/2023\/12\/ENTRENAMIENTO-EN-LA-CONCIENCIA-FONOLOGICA.jpg\" class=\"attachment-large size-large wp-image-825\" alt=\"\" srcset=\"https:\/\/openbooksperu.com\/Home\/wp-content\/uploads\/2023\/12\/ENTRENAMIENTO-EN-LA-CONCIENCIA-FONOLOGICA.jpg 391w, https:\/\/openbooksperu.com\/Home\/wp-content\/uploads\/2023\/12\/ENTRENAMIENTO-EN-LA-CONCIENCIA-FONOLOGICA-196x300.jpg 196w\" sizes=\"(max-width: 391px) 100vw, 391px\" \/>\t\t\t\t\t\t\t\t\t\t\t\t\t<\/div>\n\t\t\t\t<\/div>\n\t\t\t\t<div class=\"elementor-element elementor-element-22616b6 elementor-widget elementor-widget-text-editor\" data-id=\"22616b6\" data-element_type=\"widget\" data-widget_type=\"text-editor.default\">\n\t\t\t\t<div class=\"elementor-widget-container\">\n\t\t\t\t\t\t\t<p>ENTRENAMIENTO EN LA CONCIENCIA FONOL\u00d3GICA<\/p>\t\t\t\t\t\t<\/div>\n\t\t\t\t<\/div>\n\t\t\t\t\t<\/div>\n\t\t<\/div>\n\t\t\t\t<div class=\"elementor-column elementor-col-25 elementor-top-column elementor-element elementor-element-ecc7ed0\" data-id=\"ecc7ed0\" data-element_type=\"column\">\n\t\t\t<div class=\"elementor-widget-wrap elementor-element-populated\">\n\t\t\t\t\t\t<div class=\"elementor-element elementor-element-d9ddbe2 elementor-widget elementor-widget-image\" data-id=\"d9ddbe2\" data-element_type=\"widget\" data-widget_type=\"image.default\">\n\t\t\t\t<div class=\"elementor-widget-container\">\n\t\t\t\t\t\t\t\t\t\t\t\t\t<img loading=\"lazy\" decoding=\"async\" width=\"391\" height=\"600\" src=\"https:\/\/openbooksperu.com\/Home\/wp-content\/uploads\/2023\/12\/FONOLOGICAMENTE.-HABILIDADES-METAFONOLOGICAS.jpg\" class=\"attachment-large size-large wp-image-826\" alt=\"\" srcset=\"https:\/\/openbooksperu.com\/Home\/wp-content\/uploads\/2023\/12\/FONOLOGICAMENTE.-HABILIDADES-METAFONOLOGICAS.jpg 391w, https:\/\/openbooksperu.com\/Home\/wp-content\/uploads\/2023\/12\/FONOLOGICAMENTE.-HABILIDADES-METAFONOLOGICAS-196x300.jpg 196w\" sizes=\"(max-width: 391px) 100vw, 391px\" \/>\t\t\t\t\t\t\t\t\t\t\t\t\t<\/div>\n\t\t\t\t<\/div>\n\t\t\t\t<div class=\"elementor-element elementor-element-22ceec2 elementor-widget elementor-widget-text-editor\" data-id=\"22ceec2\" data-element_type=\"widget\" data-widget_type=\"text-editor.default\">\n\t\t\t\t<div class=\"elementor-widget-container\">\n\t\t\t\t\t\t\t<p>FONOL\u00d3GICAMENTE. HABILIDADES METAFONOL\u00d3GICAS<\/p>\t\t\t\t\t\t<\/div>\n\t\t\t\t<\/div>\n\t\t\t\t\t<\/div>\n\t\t<\/div>\n\t\t\t\t<div class=\"elementor-column elementor-col-25 elementor-top-column elementor-element elementor-element-ba29e88\" data-id=\"ba29e88\" data-element_type=\"column\">\n\t\t\t<div class=\"elementor-widget-wrap elementor-element-populated\">\n\t\t\t\t\t\t<div class=\"elementor-element elementor-element-2ca0eb6 elementor-widget elementor-widget-image\" data-id=\"2ca0eb6\" data-element_type=\"widget\" data-widget_type=\"image.default\">\n\t\t\t\t<div class=\"elementor-widget-container\">\n\t\t\t\t\t\t\t\t\t\t\t\t\t<img loading=\"lazy\" decoding=\"async\" width=\"391\" height=\"600\" src=\"https:\/\/openbooksperu.com\/Home\/wp-content\/uploads\/2023\/12\/ENFOQUE-NEUROLINGUISTICO-EN-LOS-TRASTORNOS-DEL-LENGUAJE-INFANTIL-1.jpg\" class=\"attachment-large size-large wp-image-827\" alt=\"\" srcset=\"https:\/\/openbooksperu.com\/Home\/wp-content\/uploads\/2023\/12\/ENFOQUE-NEUROLINGUISTICO-EN-LOS-TRASTORNOS-DEL-LENGUAJE-INFANTIL-1.jpg 391w, https:\/\/openbooksperu.com\/Home\/wp-content\/uploads\/2023\/12\/ENFOQUE-NEUROLINGUISTICO-EN-LOS-TRASTORNOS-DEL-LENGUAJE-INFANTIL-1-196x300.jpg 196w\" sizes=\"(max-width: 391px) 100vw, 391px\" \/>\t\t\t\t\t\t\t\t\t\t\t\t\t<\/div>\n\t\t\t\t<\/div>\n\t\t\t\t<div class=\"elementor-element elementor-element-9157180 elementor-widget elementor-widget-text-editor\" data-id=\"9157180\" data-element_type=\"widget\" data-widget_type=\"text-editor.default\">\n\t\t\t\t<div class=\"elementor-widget-container\">\n\t\t\t\t\t\t\t<p>ENFOQUE NEUROLINGUISTICO EN LOS TRASTORNOS DEL LENGUAJE INFANTIL<\/p>\t\t\t\t\t\t<\/div>\n\t\t\t\t<\/div>\n\t\t\t\t\t<\/div>\n\t\t<\/div>\n\t\t\t\t<div class=\"elementor-column elementor-col-25 elementor-top-column elementor-element elementor-element-6e1053a\" data-id=\"6e1053a\" data-element_type=\"column\">\n\t\t\t<div class=\"elementor-widget-wrap\">\n\t\t\t\t\t\t\t<\/div>\n\t\t<\/div>\n\t\t\t\t\t<\/div>\n\t\t<\/section>\n\t\t\t\t<\/div>\n\t\t","protected":false},"excerpt":{"rendered":"<p>Logopedia LOS NI\u00d1OS DISF\u00c1SICOS, DESCRIPCI\u00d3N Y TRATAMIENTO EDUCACI\u00d3N Y REEDUCACI\u00d3N DE LA VOZ INFANTIL TRATAMIENTO DE PROBLEMAS DE LA VOZ MANUAL DE LOGOPEDIA ESCOLAR. NI\u00d1OS CON ALTERACIONES DEL LENGUAJE ORAL EN EDUCACI\u00d3N INFANTIL Y PRIMARIA EL DESARROLLO DEL LENGUAJE DE 0 A 3 A\u00d1OS. BASES PARA UN DISE\u00d1O CURRICULAR EN LA EDUCACI\u00d3N INFANTIL LA ESTIMULACI\u00d3N [&hellip;]<\/p>\n","protected":false},"author":1,"featured_media":0,"parent":0,"menu_order":0,"comment_status":"closed","ping_status":"closed","template":"","meta":{"site-sidebar-layout":"no-sidebar","site-content-layout":"page-builder","ast-site-content-layout":"full-width-container","site-content-style":"default","site-sidebar-style":"default","ast-global-header-display":"","ast-banner-title-visibility":"","ast-main-header-display":"","ast-hfb-above-header-display":"","ast-hfb-below-header-display":"","ast-hfb-mobile-header-display":"","site-post-title":"disabled","ast-breadcrumbs-content":"","ast-featured-img":"disabled","footer-sml-layout":"","ast-disable-related-posts":"","theme-transparent-header-meta":"","adv-header-id-meta":"","stick-header-meta":"","header-above-stick-meta":"","header-main-stick-meta":"","header-below-stick-meta":"","astra-migrate-meta-layouts":"set","ast-page-background-enabled":"default","ast-page-background-meta":{"desktop":{"background-color":"var(--ast-global-color-4)","background-image":"","background-repeat":"repeat","background-position":"center center","background-size":"auto","background-attachment":"scroll","background-type":"","background-media":"","overlay-type":"","overlay-color":"","overlay-opacity":"","overlay-gradient":""},"tablet":{"background-color":"","background-image":"","background-repeat":"repeat","background-position":"center center","background-size":"auto","background-attachment":"scroll","background-type":"","background-media":"","overlay-type":"","overlay-color":"","overlay-opacity":"","overlay-gradient":""},"mobile":{"background-color":"","background-image":"","background-repeat":"repeat","background-position":"center center","background-size":"auto","background-attachment":"scroll","background-type":"","background-media":"","overlay-type":"","overlay-color":"","overlay-opacity":"","overlay-gradient":""}},"ast-content-background-meta":{"desktop":{"background-color":"var(--ast-global-color-5)","background-image":"","background-repeat":"repeat","background-position":"center center","background-size":"auto","background-attachment":"scroll","background-type":"","background-media":"","overlay-type":"","overlay-color":"","overlay-opacity":"","overlay-gradient":""},"tablet":{"background-color":"var(--ast-global-color-5)","background-image":"","background-repeat":"repeat","background-position":"center center","background-size":"auto","background-attachment":"scroll","background-type":"","background-media":"","overlay-type":"","overlay-color":"","overlay-opacity":"","overlay-gradient":""},"mobile":{"background-color":"var(--ast-global-color-5)","background-image":"","background-repeat":"repeat","background-position":"center center","background-size":"auto","background-attachment":"scroll","background-type":"","background-media":"","overlay-type":"","overlay-color":"","overlay-opacity":"","overlay-gradient":""}},"footnotes":""},"_links":{"self":[{"href":"https:\/\/openbooksperu.com\/Home\/wp-json\/wp\/v2\/pages\/815"}],"collection":[{"href":"https:\/\/openbooksperu.com\/Home\/wp-json\/wp\/v2\/pages"}],"about":[{"href":"https:\/\/openbooksperu.com\/Home\/wp-json\/wp\/v2\/types\/page"}],"author":[{"embeddable":true,"href":"https:\/\/openbooksperu.com\/Home\/wp-json\/wp\/v2\/users\/1"}],"replies":[{"embeddable":true,"href":"https:\/\/openbooksperu.com\/Home\/wp-json\/wp\/v2\/comments?post=815"}],"version-history":[{"count":4,"href":"https:\/\/openbooksperu.com\/Home\/wp-json\/wp\/v2\/pages\/815\/revisions"}],"predecessor-version":[{"id":830,"href":"https:\/\/openbooksperu.com\/Home\/wp-json\/wp\/v2\/pages\/815\/revisions\/830"}],"wp:attachment":[{"href":"https:\/\/openbooksperu.com\/Home\/wp-json\/wp\/v2\/media?parent=815"}],"curies":[{"name":"wp","href":"https:\/\/api.w.org\/{rel}","templated":true}]}}