{"id":767,"date":"2023-12-06T16:06:48","date_gmt":"2023-12-06T16:06:48","guid":{"rendered":"https:\/\/openbooksperu.com\/Home\/?page_id=767"},"modified":"2023-12-06T16:13:25","modified_gmt":"2023-12-06T16:13:25","slug":"dislexia","status":"publish","type":"page","link":"https:\/\/openbooksperu.com\/Home\/dislexia\/","title":{"rendered":"Dislexia"},"content":{"rendered":"\t\t<div data-elementor-type=\"wp-page\" data-elementor-id=\"767\" class=\"elementor elementor-767\">\n\t\t\t\t\t\t<section class=\"elementor-section elementor-top-section elementor-element elementor-element-5e34a2f elementor-section-boxed elementor-section-height-default elementor-section-height-default\" data-id=\"5e34a2f\" data-element_type=\"section\">\n\t\t\t\t\t\t<div class=\"elementor-container elementor-column-gap-default\">\n\t\t\t\t\t<div class=\"elementor-column elementor-col-100 elementor-top-column elementor-element elementor-element-33601e6\" data-id=\"33601e6\" data-element_type=\"column\">\n\t\t\t<div class=\"elementor-widget-wrap elementor-element-populated\">\n\t\t\t\t\t\t<div class=\"elementor-element elementor-element-7473423 elementor-widget elementor-widget-heading\" data-id=\"7473423\" data-element_type=\"widget\" data-widget_type=\"heading.default\">\n\t\t\t\t<div class=\"elementor-widget-container\">\n\t\t\t<style>\/*! elementor - v3.22.0 - 26-06-2024 *\/\n.elementor-heading-title{padding:0;margin:0;line-height:1}.elementor-widget-heading .elementor-heading-title[class*=elementor-size-]>a{color:inherit;font-size:inherit;line-height:inherit}.elementor-widget-heading .elementor-heading-title.elementor-size-small{font-size:15px}.elementor-widget-heading .elementor-heading-title.elementor-size-medium{font-size:19px}.elementor-widget-heading .elementor-heading-title.elementor-size-large{font-size:29px}.elementor-widget-heading .elementor-heading-title.elementor-size-xl{font-size:39px}.elementor-widget-heading .elementor-heading-title.elementor-size-xxl{font-size:59px}<\/style><h2 class=\"elementor-heading-title elementor-size-default\">Dislexia<\/h2>\t\t<\/div>\n\t\t\t\t<\/div>\n\t\t\t\t\t<\/div>\n\t\t<\/div>\n\t\t\t\t\t<\/div>\n\t\t<\/section>\n\t\t\t\t<section class=\"elementor-section elementor-top-section elementor-element elementor-element-ebe2512 elementor-section-boxed elementor-section-height-default elementor-section-height-default\" data-id=\"ebe2512\" data-element_type=\"section\">\n\t\t\t\t\t\t<div class=\"elementor-container elementor-column-gap-default\">\n\t\t\t\t\t<div class=\"elementor-column elementor-col-25 elementor-top-column elementor-element elementor-element-b040b6a\" data-id=\"b040b6a\" data-element_type=\"column\">\n\t\t\t<div class=\"elementor-widget-wrap elementor-element-populated\">\n\t\t\t\t\t\t<div class=\"elementor-element elementor-element-1d48ba8 elementor-widget elementor-widget-image\" data-id=\"1d48ba8\" data-element_type=\"widget\" data-widget_type=\"image.default\">\n\t\t\t\t<div class=\"elementor-widget-container\">\n\t\t\t<style>\/*! elementor - v3.22.0 - 26-06-2024 *\/\n.elementor-widget-image{text-align:center}.elementor-widget-image a{display:inline-block}.elementor-widget-image a img[src$=\".svg\"]{width:48px}.elementor-widget-image img{vertical-align:middle;display:inline-block}<\/style>\t\t\t\t\t\t\t\t\t\t<img fetchpriority=\"high\" decoding=\"async\" width=\"391\" height=\"600\" src=\"https:\/\/openbooksperu.com\/Home\/wp-content\/uploads\/2023\/12\/20-PROBLEMAS-COMUNES-DEL-ALUMNADO-CON-DISLEXIA.jpg\" class=\"attachment-large size-large wp-image-773\" alt=\"\" srcset=\"https:\/\/openbooksperu.com\/Home\/wp-content\/uploads\/2023\/12\/20-PROBLEMAS-COMUNES-DEL-ALUMNADO-CON-DISLEXIA.jpg 391w, https:\/\/openbooksperu.com\/Home\/wp-content\/uploads\/2023\/12\/20-PROBLEMAS-COMUNES-DEL-ALUMNADO-CON-DISLEXIA-196x300.jpg 196w\" sizes=\"(max-width: 391px) 100vw, 391px\" \/>\t\t\t\t\t\t\t\t\t\t\t\t\t<\/div>\n\t\t\t\t<\/div>\n\t\t\t\t<div class=\"elementor-element elementor-element-7e438fa elementor-widget elementor-widget-text-editor\" data-id=\"7e438fa\" data-element_type=\"widget\" data-widget_type=\"text-editor.default\">\n\t\t\t\t<div class=\"elementor-widget-container\">\n\t\t\t<style>\/*! elementor - v3.22.0 - 26-06-2024 *\/\n.elementor-widget-text-editor.elementor-drop-cap-view-stacked .elementor-drop-cap{background-color:#69727d;color:#fff}.elementor-widget-text-editor.elementor-drop-cap-view-framed .elementor-drop-cap{color:#69727d;border:3px solid;background-color:transparent}.elementor-widget-text-editor:not(.elementor-drop-cap-view-default) .elementor-drop-cap{margin-top:8px}.elementor-widget-text-editor:not(.elementor-drop-cap-view-default) .elementor-drop-cap-letter{width:1em;height:1em}.elementor-widget-text-editor .elementor-drop-cap{float:left;text-align:center;line-height:1;font-size:50px}.elementor-widget-text-editor .elementor-drop-cap-letter{display:inline-block}<\/style>\t\t\t\t<p>20 PROBLEMAS COMUNES DEL ALUMNADO CON DISLEXIA<\/p>\t\t\t\t\t\t<\/div>\n\t\t\t\t<\/div>\n\t\t\t\t\t<\/div>\n\t\t<\/div>\n\t\t\t\t<div class=\"elementor-column elementor-col-25 elementor-top-column elementor-element elementor-element-16de7ce\" data-id=\"16de7ce\" data-element_type=\"column\">\n\t\t\t<div class=\"elementor-widget-wrap elementor-element-populated\">\n\t\t\t\t\t\t<div class=\"elementor-element elementor-element-440f245 elementor-widget elementor-widget-image\" data-id=\"440f245\" data-element_type=\"widget\" data-widget_type=\"image.default\">\n\t\t\t\t<div class=\"elementor-widget-container\">\n\t\t\t\t\t\t\t\t\t\t\t\t\t<img decoding=\"async\" width=\"391\" height=\"600\" src=\"https:\/\/openbooksperu.com\/Home\/wp-content\/uploads\/2023\/12\/ENSENAR-A-LEER.jpg\" class=\"attachment-large size-large wp-image-774\" alt=\"\" srcset=\"https:\/\/openbooksperu.com\/Home\/wp-content\/uploads\/2023\/12\/ENSENAR-A-LEER.jpg 391w, https:\/\/openbooksperu.com\/Home\/wp-content\/uploads\/2023\/12\/ENSENAR-A-LEER-196x300.jpg 196w\" sizes=\"(max-width: 391px) 100vw, 391px\" \/>\t\t\t\t\t\t\t\t\t\t\t\t\t<\/div>\n\t\t\t\t<\/div>\n\t\t\t\t<div class=\"elementor-element elementor-element-1681bc8 elementor-widget elementor-widget-text-editor\" data-id=\"1681bc8\" data-element_type=\"widget\" data-widget_type=\"text-editor.default\">\n\t\t\t\t<div class=\"elementor-widget-container\">\n\t\t\t\t\t\t\t<p>ENSE\u00d1AR A LEER<\/p>\t\t\t\t\t\t<\/div>\n\t\t\t\t<\/div>\n\t\t\t\t\t<\/div>\n\t\t<\/div>\n\t\t\t\t<div class=\"elementor-column elementor-col-25 elementor-top-column elementor-element elementor-element-32490cc\" data-id=\"32490cc\" data-element_type=\"column\">\n\t\t\t<div class=\"elementor-widget-wrap elementor-element-populated\">\n\t\t\t\t\t\t<div class=\"elementor-element elementor-element-cd23fbd elementor-widget elementor-widget-image\" data-id=\"cd23fbd\" data-element_type=\"widget\" data-widget_type=\"image.default\">\n\t\t\t\t<div class=\"elementor-widget-container\">\n\t\t\t\t\t\t\t\t\t\t\t\t\t<img decoding=\"async\" width=\"391\" height=\"600\" src=\"https:\/\/openbooksperu.com\/Home\/wp-content\/uploads\/2023\/12\/ALUMNOS-DISTRAIDOS-INQUIETOS-E-IMPULSIVOS-1.jpg\" class=\"attachment-large size-large wp-image-775\" alt=\"\" srcset=\"https:\/\/openbooksperu.com\/Home\/wp-content\/uploads\/2023\/12\/ALUMNOS-DISTRAIDOS-INQUIETOS-E-IMPULSIVOS-1.jpg 391w, https:\/\/openbooksperu.com\/Home\/wp-content\/uploads\/2023\/12\/ALUMNOS-DISTRAIDOS-INQUIETOS-E-IMPULSIVOS-1-196x300.jpg 196w\" sizes=\"(max-width: 391px) 100vw, 391px\" \/>\t\t\t\t\t\t\t\t\t\t\t\t\t<\/div>\n\t\t\t\t<\/div>\n\t\t\t\t<div class=\"elementor-element elementor-element-d2b6b65 elementor-widget elementor-widget-text-editor\" data-id=\"d2b6b65\" data-element_type=\"widget\" data-widget_type=\"text-editor.default\">\n\t\t\t\t<div class=\"elementor-widget-container\">\n\t\t\t\t\t\t\t<p>ALUMNOS DISTRAIDOS INQUIETOS E IMPULSIVOS<\/p>\t\t\t\t\t\t<\/div>\n\t\t\t\t<\/div>\n\t\t\t\t\t<\/div>\n\t\t<\/div>\n\t\t\t\t<div class=\"elementor-column elementor-col-25 elementor-top-column elementor-element elementor-element-13bfee1\" data-id=\"13bfee1\" data-element_type=\"column\">\n\t\t\t<div class=\"elementor-widget-wrap elementor-element-populated\">\n\t\t\t\t\t\t<div class=\"elementor-element elementor-element-6279e74 elementor-widget elementor-widget-image\" data-id=\"6279e74\" data-element_type=\"widget\" data-widget_type=\"image.default\">\n\t\t\t\t<div class=\"elementor-widget-container\">\n\t\t\t\t\t\t\t\t\t\t\t\t\t<img loading=\"lazy\" decoding=\"async\" width=\"391\" height=\"600\" src=\"https:\/\/openbooksperu.com\/Home\/wp-content\/uploads\/2023\/12\/METODO-DIVERLEXIA.jpg\" class=\"attachment-large size-large wp-image-776\" alt=\"\" srcset=\"https:\/\/openbooksperu.com\/Home\/wp-content\/uploads\/2023\/12\/METODO-DIVERLEXIA.jpg 391w, https:\/\/openbooksperu.com\/Home\/wp-content\/uploads\/2023\/12\/METODO-DIVERLEXIA-196x300.jpg 196w\" sizes=\"(max-width: 391px) 100vw, 391px\" \/>\t\t\t\t\t\t\t\t\t\t\t\t\t<\/div>\n\t\t\t\t<\/div>\n\t\t\t\t<div class=\"elementor-element elementor-element-84dc97e elementor-widget elementor-widget-text-editor\" data-id=\"84dc97e\" data-element_type=\"widget\" data-widget_type=\"text-editor.default\">\n\t\t\t\t<div class=\"elementor-widget-container\">\n\t\t\t\t\t\t\t<p>M\u00c9TODO DIVERLEXIA<\/p>\t\t\t\t\t\t<\/div>\n\t\t\t\t<\/div>\n\t\t\t\t\t<\/div>\n\t\t<\/div>\n\t\t\t\t\t<\/div>\n\t\t<\/section>\n\t\t\t\t<section class=\"elementor-section elementor-top-section elementor-element elementor-element-1e01f7c elementor-section-boxed elementor-section-height-default elementor-section-height-default\" data-id=\"1e01f7c\" data-element_type=\"section\">\n\t\t\t\t\t\t<div class=\"elementor-container elementor-column-gap-default\">\n\t\t\t\t\t<div class=\"elementor-column elementor-col-25 elementor-top-column elementor-element elementor-element-125e1ee\" data-id=\"125e1ee\" data-element_type=\"column\">\n\t\t\t<div class=\"elementor-widget-wrap elementor-element-populated\">\n\t\t\t\t\t\t<div class=\"elementor-element elementor-element-9155293 elementor-widget elementor-widget-image\" data-id=\"9155293\" data-element_type=\"widget\" data-widget_type=\"image.default\">\n\t\t\t\t<div class=\"elementor-widget-container\">\n\t\t\t\t\t\t\t\t\t\t\t\t\t<img loading=\"lazy\" decoding=\"async\" width=\"391\" height=\"600\" src=\"https:\/\/openbooksperu.com\/Home\/wp-content\/uploads\/2023\/12\/GUIA-PARA-PADRES-DE-NINOS-DISLEXICOS.jpg\" class=\"attachment-large size-large wp-image-777\" alt=\"\" srcset=\"https:\/\/openbooksperu.com\/Home\/wp-content\/uploads\/2023\/12\/GUIA-PARA-PADRES-DE-NINOS-DISLEXICOS.jpg 391w, https:\/\/openbooksperu.com\/Home\/wp-content\/uploads\/2023\/12\/GUIA-PARA-PADRES-DE-NINOS-DISLEXICOS-196x300.jpg 196w\" sizes=\"(max-width: 391px) 100vw, 391px\" \/>\t\t\t\t\t\t\t\t\t\t\t\t\t<\/div>\n\t\t\t\t<\/div>\n\t\t\t\t<div class=\"elementor-element elementor-element-d42f4ca elementor-widget elementor-widget-text-editor\" data-id=\"d42f4ca\" data-element_type=\"widget\" data-widget_type=\"text-editor.default\">\n\t\t\t\t<div class=\"elementor-widget-container\">\n\t\t\t\t\t\t\t<p>GUIA PARA PADRES DE NI\u00d1OS DISL\u00c9XICOS<\/p>\t\t\t\t\t\t<\/div>\n\t\t\t\t<\/div>\n\t\t\t\t\t<\/div>\n\t\t<\/div>\n\t\t\t\t<div class=\"elementor-column elementor-col-25 elementor-top-column elementor-element elementor-element-f962d57\" data-id=\"f962d57\" data-element_type=\"column\">\n\t\t\t<div class=\"elementor-widget-wrap elementor-element-populated\">\n\t\t\t\t\t\t<div class=\"elementor-element elementor-element-5b1deee elementor-widget elementor-widget-image\" data-id=\"5b1deee\" data-element_type=\"widget\" data-widget_type=\"image.default\">\n\t\t\t\t<div class=\"elementor-widget-container\">\n\t\t\t\t\t\t\t\t\t\t\t\t\t<img loading=\"lazy\" decoding=\"async\" width=\"391\" height=\"600\" src=\"https:\/\/openbooksperu.com\/Home\/wp-content\/uploads\/2023\/12\/DISLEXIA-DEFINICION-E-INTERVENCION-EN-HISPANOHABLANTES.jpg\" class=\"attachment-large size-large wp-image-778\" alt=\"\" srcset=\"https:\/\/openbooksperu.com\/Home\/wp-content\/uploads\/2023\/12\/DISLEXIA-DEFINICION-E-INTERVENCION-EN-HISPANOHABLANTES.jpg 391w, https:\/\/openbooksperu.com\/Home\/wp-content\/uploads\/2023\/12\/DISLEXIA-DEFINICION-E-INTERVENCION-EN-HISPANOHABLANTES-196x300.jpg 196w\" sizes=\"(max-width: 391px) 100vw, 391px\" \/>\t\t\t\t\t\t\t\t\t\t\t\t\t<\/div>\n\t\t\t\t<\/div>\n\t\t\t\t<div class=\"elementor-element elementor-element-4d3dcbd elementor-widget elementor-widget-text-editor\" data-id=\"4d3dcbd\" data-element_type=\"widget\" data-widget_type=\"text-editor.default\">\n\t\t\t\t<div class=\"elementor-widget-container\">\n\t\t\t\t\t\t\t<p>DISLEXIA DEFINICI\u00d3N E INTERVENCI\u00d3N EN HISPANOHABLANTES<\/p>\t\t\t\t\t\t<\/div>\n\t\t\t\t<\/div>\n\t\t\t\t\t<\/div>\n\t\t<\/div>\n\t\t\t\t<div class=\"elementor-column elementor-col-25 elementor-top-column elementor-element elementor-element-fc5bdbd\" data-id=\"fc5bdbd\" data-element_type=\"column\">\n\t\t\t<div class=\"elementor-widget-wrap elementor-element-populated\">\n\t\t\t\t\t\t<div class=\"elementor-element elementor-element-c47cc6e elementor-widget elementor-widget-image\" data-id=\"c47cc6e\" data-element_type=\"widget\" data-widget_type=\"image.default\">\n\t\t\t\t<div class=\"elementor-widget-container\">\n\t\t\t\t\t\t\t\t\t\t\t\t\t<img loading=\"lazy\" decoding=\"async\" width=\"391\" height=\"600\" src=\"https:\/\/openbooksperu.com\/Home\/wp-content\/uploads\/2023\/12\/NUESTRO-HIJO-CON-AUTISMO.jpg\" class=\"attachment-large size-large wp-image-779\" alt=\"\" srcset=\"https:\/\/openbooksperu.com\/Home\/wp-content\/uploads\/2023\/12\/NUESTRO-HIJO-CON-AUTISMO.jpg 391w, https:\/\/openbooksperu.com\/Home\/wp-content\/uploads\/2023\/12\/NUESTRO-HIJO-CON-AUTISMO-196x300.jpg 196w\" sizes=\"(max-width: 391px) 100vw, 391px\" \/>\t\t\t\t\t\t\t\t\t\t\t\t\t<\/div>\n\t\t\t\t<\/div>\n\t\t\t\t<div class=\"elementor-element elementor-element-97fc655 elementor-widget elementor-widget-text-editor\" data-id=\"97fc655\" data-element_type=\"widget\" data-widget_type=\"text-editor.default\">\n\t\t\t\t<div class=\"elementor-widget-container\">\n\t\t\t\t\t\t\t<p>NUESTRO HIJO CON AUTISMO<\/p>\t\t\t\t\t\t<\/div>\n\t\t\t\t<\/div>\n\t\t\t\t\t<\/div>\n\t\t<\/div>\n\t\t\t\t<div class=\"elementor-column elementor-col-25 elementor-top-column elementor-element elementor-element-3e94f8d\" data-id=\"3e94f8d\" data-element_type=\"column\">\n\t\t\t<div class=\"elementor-widget-wrap elementor-element-populated\">\n\t\t\t\t\t\t<div class=\"elementor-element elementor-element-14e94f7 elementor-widget elementor-widget-image\" data-id=\"14e94f7\" data-element_type=\"widget\" data-widget_type=\"image.default\">\n\t\t\t\t<div class=\"elementor-widget-container\">\n\t\t\t\t\t\t\t\t\t\t\t\t\t<img loading=\"lazy\" decoding=\"async\" width=\"391\" height=\"600\" src=\"https:\/\/openbooksperu.com\/Home\/wp-content\/uploads\/2023\/12\/LAS-AVENTURAS-DE-LOLA-Y-PEPE-LEER-ES-FACIL.jpg\" class=\"attachment-large size-large wp-image-780\" alt=\"\" srcset=\"https:\/\/openbooksperu.com\/Home\/wp-content\/uploads\/2023\/12\/LAS-AVENTURAS-DE-LOLA-Y-PEPE-LEER-ES-FACIL.jpg 391w, https:\/\/openbooksperu.com\/Home\/wp-content\/uploads\/2023\/12\/LAS-AVENTURAS-DE-LOLA-Y-PEPE-LEER-ES-FACIL-196x300.jpg 196w\" sizes=\"(max-width: 391px) 100vw, 391px\" \/>\t\t\t\t\t\t\t\t\t\t\t\t\t<\/div>\n\t\t\t\t<\/div>\n\t\t\t\t<div class=\"elementor-element elementor-element-af15d90 elementor-widget elementor-widget-text-editor\" data-id=\"af15d90\" data-element_type=\"widget\" data-widget_type=\"text-editor.default\">\n\t\t\t\t<div class=\"elementor-widget-container\">\n\t\t\t\t\t\t\t<p>LAS AVENTURAS DE LOLA Y PEPE LEER ES F\u00c1CIL<\/p>\t\t\t\t\t\t<\/div>\n\t\t\t\t<\/div>\n\t\t\t\t\t<\/div>\n\t\t<\/div>\n\t\t\t\t\t<\/div>\n\t\t<\/section>\n\t\t\t\t<section class=\"elementor-section elementor-top-section elementor-element elementor-element-4af676d elementor-section-boxed elementor-section-height-default elementor-section-height-default\" data-id=\"4af676d\" data-element_type=\"section\">\n\t\t\t\t\t\t<div class=\"elementor-container elementor-column-gap-default\">\n\t\t\t\t\t<div class=\"elementor-column elementor-col-25 elementor-top-column elementor-element elementor-element-a554c10\" data-id=\"a554c10\" data-element_type=\"column\">\n\t\t\t<div class=\"elementor-widget-wrap elementor-element-populated\">\n\t\t\t\t\t\t<div class=\"elementor-element elementor-element-d350e07 elementor-widget elementor-widget-image\" data-id=\"d350e07\" data-element_type=\"widget\" data-widget_type=\"image.default\">\n\t\t\t\t<div class=\"elementor-widget-container\">\n\t\t\t\t\t\t\t\t\t\t\t\t\t<img loading=\"lazy\" decoding=\"async\" width=\"391\" height=\"600\" src=\"https:\/\/openbooksperu.com\/Home\/wp-content\/uploads\/2023\/12\/MAS-ALLA-DE-LAS-PALABRAS-TAREAS-DE-COMPRENSION-LECTORA-E-INFERENCIAS.jpg\" class=\"attachment-large size-large wp-image-781\" alt=\"\" srcset=\"https:\/\/openbooksperu.com\/Home\/wp-content\/uploads\/2023\/12\/MAS-ALLA-DE-LAS-PALABRAS-TAREAS-DE-COMPRENSION-LECTORA-E-INFERENCIAS.jpg 391w, https:\/\/openbooksperu.com\/Home\/wp-content\/uploads\/2023\/12\/MAS-ALLA-DE-LAS-PALABRAS-TAREAS-DE-COMPRENSION-LECTORA-E-INFERENCIAS-196x300.jpg 196w\" sizes=\"(max-width: 391px) 100vw, 391px\" \/>\t\t\t\t\t\t\t\t\t\t\t\t\t<\/div>\n\t\t\t\t<\/div>\n\t\t\t\t<div class=\"elementor-element elementor-element-44c6046 elementor-widget elementor-widget-text-editor\" data-id=\"44c6046\" data-element_type=\"widget\" data-widget_type=\"text-editor.default\">\n\t\t\t\t<div class=\"elementor-widget-container\">\n\t\t\t\t\t\t\t<p>M\u00c1S ALL\u00c1 DE LAS PALABRAS TAREAS DE COMPRENSI\u00d3N LECTORA E INFERENCIAS<\/p>\t\t\t\t\t\t<\/div>\n\t\t\t\t<\/div>\n\t\t\t\t\t<\/div>\n\t\t<\/div>\n\t\t\t\t<div class=\"elementor-column elementor-col-25 elementor-top-column elementor-element elementor-element-c9c5e0b\" data-id=\"c9c5e0b\" data-element_type=\"column\">\n\t\t\t<div class=\"elementor-widget-wrap elementor-element-populated\">\n\t\t\t\t\t\t<div class=\"elementor-element elementor-element-491d158 elementor-widget elementor-widget-image\" data-id=\"491d158\" data-element_type=\"widget\" data-widget_type=\"image.default\">\n\t\t\t\t<div class=\"elementor-widget-container\">\n\t\t\t\t\t\t\t\t\t\t\t\t\t<img loading=\"lazy\" decoding=\"async\" width=\"391\" height=\"600\" src=\"https:\/\/openbooksperu.com\/Home\/wp-content\/uploads\/2023\/12\/LA-DISLEXIA-ORIGEN-DIAGNOSTICO-Y-RECUPERACION.jpg\" class=\"attachment-large size-large wp-image-782\" alt=\"\" srcset=\"https:\/\/openbooksperu.com\/Home\/wp-content\/uploads\/2023\/12\/LA-DISLEXIA-ORIGEN-DIAGNOSTICO-Y-RECUPERACION.jpg 391w, https:\/\/openbooksperu.com\/Home\/wp-content\/uploads\/2023\/12\/LA-DISLEXIA-ORIGEN-DIAGNOSTICO-Y-RECUPERACION-196x300.jpg 196w\" sizes=\"(max-width: 391px) 100vw, 391px\" \/>\t\t\t\t\t\t\t\t\t\t\t\t\t<\/div>\n\t\t\t\t<\/div>\n\t\t\t\t<div class=\"elementor-element elementor-element-61d5fdc elementor-widget elementor-widget-text-editor\" data-id=\"61d5fdc\" data-element_type=\"widget\" data-widget_type=\"text-editor.default\">\n\t\t\t\t<div class=\"elementor-widget-container\">\n\t\t\t\t\t\t\t<p>LA DISLEXIA, ORIGEN, DIAGNOSTICO Y RECUPERACI\u00d3N<\/p>\t\t\t\t\t\t<\/div>\n\t\t\t\t<\/div>\n\t\t\t\t\t<\/div>\n\t\t<\/div>\n\t\t\t\t<div class=\"elementor-column elementor-col-25 elementor-top-column elementor-element elementor-element-9f7df16\" data-id=\"9f7df16\" data-element_type=\"column\">\n\t\t\t<div class=\"elementor-widget-wrap elementor-element-populated\">\n\t\t\t\t\t\t<div class=\"elementor-element elementor-element-3d3bff8 elementor-widget elementor-widget-image\" data-id=\"3d3bff8\" data-element_type=\"widget\" data-widget_type=\"image.default\">\n\t\t\t\t<div class=\"elementor-widget-container\">\n\t\t\t\t\t\t\t\t\t\t\t\t\t<img loading=\"lazy\" decoding=\"async\" width=\"391\" height=\"600\" src=\"https:\/\/openbooksperu.com\/Home\/wp-content\/uploads\/2023\/12\/CUANDO-LA-DISLEXIA-NO-ES-DISLEXIA.jpg\" class=\"attachment-large size-large wp-image-783\" alt=\"\" srcset=\"https:\/\/openbooksperu.com\/Home\/wp-content\/uploads\/2023\/12\/CUANDO-LA-DISLEXIA-NO-ES-DISLEXIA.jpg 391w, https:\/\/openbooksperu.com\/Home\/wp-content\/uploads\/2023\/12\/CUANDO-LA-DISLEXIA-NO-ES-DISLEXIA-196x300.jpg 196w\" sizes=\"(max-width: 391px) 100vw, 391px\" \/>\t\t\t\t\t\t\t\t\t\t\t\t\t<\/div>\n\t\t\t\t<\/div>\n\t\t\t\t<div class=\"elementor-element elementor-element-bdda103 elementor-widget elementor-widget-text-editor\" data-id=\"bdda103\" data-element_type=\"widget\" data-widget_type=\"text-editor.default\">\n\t\t\t\t<div class=\"elementor-widget-container\">\n\t\t\t\t\t\t\t<p>CUANDO LA DISLEXIA NO ES DISLEXIA<\/p>\t\t\t\t\t\t<\/div>\n\t\t\t\t<\/div>\n\t\t\t\t\t<\/div>\n\t\t<\/div>\n\t\t\t\t<div class=\"elementor-column elementor-col-25 elementor-top-column elementor-element elementor-element-564197a\" data-id=\"564197a\" data-element_type=\"column\">\n\t\t\t<div class=\"elementor-widget-wrap\">\n\t\t\t\t\t\t\t<\/div>\n\t\t<\/div>\n\t\t\t\t\t<\/div>\n\t\t<\/section>\n\t\t\t\t<\/div>\n\t\t","protected":false},"excerpt":{"rendered":"<p>Dislexia 20 PROBLEMAS COMUNES DEL ALUMNADO CON DISLEXIA ENSE\u00d1AR A LEER ALUMNOS DISTRAIDOS INQUIETOS E IMPULSIVOS M\u00c9TODO DIVERLEXIA GUIA PARA PADRES DE NI\u00d1OS DISL\u00c9XICOS DISLEXIA DEFINICI\u00d3N E INTERVENCI\u00d3N EN HISPANOHABLANTES NUESTRO HIJO CON AUTISMO LAS AVENTURAS DE LOLA Y PEPE LEER ES F\u00c1CIL M\u00c1S ALL\u00c1 DE LAS PALABRAS TAREAS DE COMPRENSI\u00d3N LECTORA E INFERENCIAS LA [&hellip;]<\/p>\n","protected":false},"author":1,"featured_media":0,"parent":0,"menu_order":0,"comment_status":"closed","ping_status":"closed","template":"","meta":{"site-sidebar-layout":"no-sidebar","site-content-layout":"page-builder","ast-site-content-layout":"full-width-container","site-content-style":"default","site-sidebar-style":"default","ast-global-header-display":"","ast-banner-title-visibility":"","ast-main-header-display":"","ast-hfb-above-header-display":"","ast-hfb-below-header-display":"","ast-hfb-mobile-header-display":"","site-post-title":"disabled","ast-breadcrumbs-content":"","ast-featured-img":"disabled","footer-sml-layout":"","ast-disable-related-posts":"","theme-transparent-header-meta":"","adv-header-id-meta":"","stick-header-meta":"","header-above-stick-meta":"","header-main-stick-meta":"","header-below-stick-meta":"","astra-migrate-meta-layouts":"set","ast-page-background-enabled":"default","ast-page-background-meta":{"desktop":{"background-color":"var(--ast-global-color-4)","background-image":"","background-repeat":"repeat","background-position":"center center","background-size":"auto","background-attachment":"scroll","background-type":"","background-media":"","overlay-type":"","overlay-color":"","overlay-opacity":"","overlay-gradient":""},"tablet":{"background-color":"","background-image":"","background-repeat":"repeat","background-position":"center center","background-size":"auto","background-attachment":"scroll","background-type":"","background-media":"","overlay-type":"","overlay-color":"","overlay-opacity":"","overlay-gradient":""},"mobile":{"background-color":"","background-image":"","background-repeat":"repeat","background-position":"center center","background-size":"auto","background-attachment":"scroll","background-type":"","background-media":"","overlay-type":"","overlay-color":"","overlay-opacity":"","overlay-gradient":""}},"ast-content-background-meta":{"desktop":{"background-color":"var(--ast-global-color-5)","background-image":"","background-repeat":"repeat","background-position":"center center","background-size":"auto","background-attachment":"scroll","background-type":"","background-media":"","overlay-type":"","overlay-color":"","overlay-opacity":"","overlay-gradient":""},"tablet":{"background-color":"var(--ast-global-color-5)","background-image":"","background-repeat":"repeat","background-position":"center center","background-size":"auto","background-attachment":"scroll","background-type":"","background-media":"","overlay-type":"","overlay-color":"","overlay-opacity":"","overlay-gradient":""},"mobile":{"background-color":"var(--ast-global-color-5)","background-image":"","background-repeat":"repeat","background-position":"center center","background-size":"auto","background-attachment":"scroll","background-type":"","background-media":"","overlay-type":"","overlay-color":"","overlay-opacity":"","overlay-gradient":""}},"footnotes":""},"_links":{"self":[{"href":"https:\/\/openbooksperu.com\/Home\/wp-json\/wp\/v2\/pages\/767"}],"collection":[{"href":"https:\/\/openbooksperu.com\/Home\/wp-json\/wp\/v2\/pages"}],"about":[{"href":"https:\/\/openbooksperu.com\/Home\/wp-json\/wp\/v2\/types\/page"}],"author":[{"embeddable":true,"href":"https:\/\/openbooksperu.com\/Home\/wp-json\/wp\/v2\/users\/1"}],"replies":[{"embeddable":true,"href":"https:\/\/openbooksperu.com\/Home\/wp-json\/wp\/v2\/comments?post=767"}],"version-history":[{"count":7,"href":"https:\/\/openbooksperu.com\/Home\/wp-json\/wp\/v2\/pages\/767\/revisions"}],"predecessor-version":[{"id":786,"href":"https:\/\/openbooksperu.com\/Home\/wp-json\/wp\/v2\/pages\/767\/revisions\/786"}],"wp:attachment":[{"href":"https:\/\/openbooksperu.com\/Home\/wp-json\/wp\/v2\/media?parent=767"}],"curies":[{"name":"wp","href":"https:\/\/api.w.org\/{rel}","templated":true}]}}